{"id":17,"date":"2013-07-23T19:59:21","date_gmt":"2013-07-23T17:59:21","guid":{"rendered":"http:\/\/haumue.plitc.de\/?page_id=17"},"modified":"2021-02-04T19:10:39","modified_gmt":"2021-02-04T17:10:39","slug":"impressum","status":"publish","type":"page","link":"http:\/\/www.haus-mueritzblick.de\/?page_id=17","title":{"rendered":"Impressum"},"content":{"rendered":"<p>Text: Adalbert Schlag und Barbara Kess<br \/>\nFotos: Adalbert Schlag, Barbara Kess und Peter Linden<\/p>\n<p>Letzte \u00c4nderung: 20.10.2013<\/p>\n<p>Haftungsausschluss:<\/p>\n<p>Wir distanzieren uns ausdr\u00fccklich von jeglichen<br \/>\ngesetzeswidrigen Inhalten anderer Seiten und<br \/>\nAnbieter, zu denen ein Hyperlink f\u00fchren mag.<br \/>\nF\u00fcr den Inhalt anderer Seiten \u00fcbernehmen<br \/>\nwir keine Haftung.<\/p>\n","protected":false},"excerpt":{"rendered":"<p>Text: Adalbert Schlag und Barbara Kess Fotos: Adalbert Schlag, Barbara Kess und Peter Linden Letzte \u00c4nderung: 20.10.2013 Haftungsausschluss: Wir distanzieren uns ausdr\u00fccklich von jeglichen gesetzeswidrigen Inhalten anderer Seiten und Anbieter, zu denen ein Hyperlink f\u00fchren mag. F\u00fcr den Inhalt anderer Seiten \u00fcbernehmen wir keine Haftung.<\/p>\n","protected":false},"author":3,"featured_media":0,"parent":0,"menu_order":99,"comment_status":"closed","ping_status":"closed","template":"","meta":[],"_links":{"self":[{"href":"http:\/\/www.haus-mueritzblick.de\/index.php?rest_route=\/wp\/v2\/pages\/17"}],"collection":[{"href":"http:\/\/www.haus-mueritzblick.de\/index.php?rest_route=\/wp\/v2\/pages"}],"about":[{"href":"http:\/\/www.haus-mueritzblick.de\/index.php?rest_route=\/wp\/v2\/types\/page"}],"author":[{"embeddable":true,"href":"http:\/\/www.haus-mueritzblick.de\/index.php?rest_route=\/wp\/v2\/users\/3"}],"replies":[{"embeddable":true,"href":"http:\/\/www.haus-mueritzblick.de\/index.php?rest_route=%2Fwp%2Fv2%2Fcomments&post=17"}],"version-history":[{"count":3,"href":"http:\/\/www.haus-mueritzblick.de\/index.php?rest_route=\/wp\/v2\/pages\/17\/revisions"}],"predecessor-version":[{"id":688,"href":"http:\/\/www.haus-mueritzblick.de\/index.php?rest_route=\/wp\/v2\/pages\/17\/revisions\/688"}],"wp:attachment":[{"href":"http:\/\/www.haus-mueritzblick.de\/index.php?rest_route=%2Fwp%2Fv2%2Fmedia&parent=17"}],"curies":[{"name":"wp","href":"https:\/\/api.w.org\/{rel}","templated":true}]}}