{"id":223,"date":"2013-07-23T19:57:55","date_gmt":"2013-07-23T17:57:55","guid":{"rendered":"http:\/\/haumue.plitc.de\/?page_id=6"},"modified":"2018-10-06T17:48:04","modified_gmt":"2018-10-06T15:48:04","slug":"lage","status":"publish","type":"page","link":"http:\/\/www.haus-mueritzblick.de\/?page_id=223","title":{"rendered":"Lage"},"content":{"rendered":"<div><span style=\"color: #000000; font-family: Arial; font-size: medium;\"><b>Anreiseempfehlung:<\/b><br \/>\n\u00dcber die A24 von Hamburg bzw. Berlin kommend, fahren Sie ab dem AK Wittstock Richtung Rostock \u00fcber die A19 bis zur Abfahrt R\u00f6bel. Folgen Sie der Beschilderung bis R\u00f6bel. In R\u00f6bel 1. Ampel links, ca. 1km bis zur n\u00e4chsten Ampel. Hier rechts Richtung Hafen. Nach ca. 500m im Kreisverkehr am Hafen links Richtung Marienfelde. Nach ca. 1km rechts in die Seebadstr. einbiegen. Wenn Sie die Seebadstrasse nach dem Seniorenheim leicht bergab fahren folgt als n\u00e4chstes das Landhaus\/Pension M\u00fcritzgarten, hinter dem sie sofort rechts fahren (blaues Hinweisschild Seepark M\u00fcritz), sich nochmals leicht rechts halten und dann linker Hand auf das Haus M\u00fcritzblick 36, 17207 R\u00f6bel zufahren. <\/span><a href=\"http:\/\/maps.google.com\/maps?q=53.3987100,12.6233980%28Haus+M%c3%bcritzblick+-+Barbara+Kess%29&amp;amp;t=h&amp;amp;iwloc=A&amp;amp;hl=de&amp;amp;ie=UTF8\"><img loading=\"lazy\" alt=\"\" src=\"http:\/\/www.haus-mueritzblick.de\/googlemaps.jpg\" width=\"127\" height=\"31\" border=\"0\" \/><\/a><\/p>\n<p><img loading=\"lazy\" alt=\"Anfahrt\" src=\"http:\/\/www.haus-mueritzblick.de\/dmap.gif\" width=\"401\" height=\"349\" border=\"0\" \/><br \/>\nRegional-Karte:<\/p>\n<p><img loading=\"lazy\" alt=\"Regionalkarte\" src=\"http:\/\/www.haus-mueritzblick.de\/map.jpg\" width=\"487\" height=\"261\" border=\"0\" \/><img loading=\"lazy\" alt=\"Luftbild R\u00f6bel\" src=\"http:\/\/www.haus-mueritzblick.de\/Luftbild_Roebel.jpg\" width=\"487\" height=\"261\" border=\"0\" \/><\/p>\n<form action=\"http:\/\/link2.map24.com\/\" method=\"get\" name=\"routeo\" target=\"_top\">\n<table width=\"200\" border=\"0\" cellspacing=\"0\" cellpadding=\"6\">\n<tbody>\n<tr>\n<td valign=\"bottom\"><b>Start<\/b><br \/>\n<input type=\"text\" maxlength=\"50\" name=\"sstreet\" size=\"12\" value=\"Strasse\" \/><br \/>\n<input type=\"text\" name=\"szip\" size=\"1\" value=\"PLZ\" \/><input type=\"text\" maxlength=\"50\" name=\"scity\" size=\"8\" value=\"Stadt\" \/><br \/>\n<b>Ziel<\/b><br \/>\n<b>Ferienhaus Haus M\u00fcritzblick<\/b><br \/>\nM\u00fcritzblick 36<br \/>\nD-17207 R\u00f6bel<br \/>\n<img loading=\"lazy\" alt=\"\" src=\"http:\/\/img.map24.com\/space.gif\" width=\"1\" height=\"5\" \/><input type=\"image\" src=\"http:\/\/img.map24.com\/route_button.gif\" align=\"right\" \/><\/td>\n<\/tr>\n<\/tbody>\n<\/table>\n<\/form>\n<\/div>\n","protected":false},"excerpt":{"rendered":"<p>Anreiseempfehlung: \u00dcber die A24 von Hamburg bzw. Berlin kommend, fahren Sie ab dem AK Wittstock Richtung Rostock \u00fcber die A19 bis zur Abfahrt R\u00f6bel. Folgen Sie der Beschilderung bis R\u00f6bel. In R\u00f6bel 1. Ampel links, ca. 1km bis zur n\u00e4chsten Ampel. Hier rechts Richtung Hafen. Nach ca. 500m im Kreisverkehr am Hafen links Richtung Marienfelde. &hellip; <\/p>\n<p><a class=\"more-link block-button\" href=\"http:\/\/www.haus-mueritzblick.de\/?page_id=223\">Weiterlesen &raquo;<\/a><\/p>\n","protected":false},"author":3,"featured_media":0,"parent":0,"menu_order":2,"comment_status":"closed","ping_status":"closed","template":"","meta":[],"_links":{"self":[{"href":"http:\/\/www.haus-mueritzblick.de\/index.php?rest_route=\/wp\/v2\/pages\/223"}],"collection":[{"href":"http:\/\/www.haus-mueritzblick.de\/index.php?rest_route=\/wp\/v2\/pages"}],"about":[{"href":"http:\/\/www.haus-mueritzblick.de\/index.php?rest_route=\/wp\/v2\/types\/page"}],"author":[{"embeddable":true,"href":"http:\/\/www.haus-mueritzblick.de\/index.php?rest_route=\/wp\/v2\/users\/3"}],"replies":[{"embeddable":true,"href":"http:\/\/www.haus-mueritzblick.de\/index.php?rest_route=%2Fwp%2Fv2%2Fcomments&post=223"}],"version-history":[{"count":8,"href":"http:\/\/www.haus-mueritzblick.de\/index.php?rest_route=\/wp\/v2\/pages\/223\/revisions"}],"predecessor-version":[{"id":611,"href":"http:\/\/www.haus-mueritzblick.de\/index.php?rest_route=\/wp\/v2\/pages\/223\/revisions\/611"}],"wp:attachment":[{"href":"http:\/\/www.haus-mueritzblick.de\/index.php?rest_route=%2Fwp%2Fv2%2Fmedia&parent=223"}],"curies":[{"name":"wp","href":"https:\/\/api.w.org\/{rel}","templated":true}]}}